{"id":415,"date":"2024-09-16T14:39:46","date_gmt":"2024-09-16T14:39:46","guid":{"rendered":"https:\/\/profinans.nl\/?page_id=415"},"modified":"2024-11-14T16:15:46","modified_gmt":"2024-11-14T16:15:46","slug":"financiele-administratie","status":"publish","type":"page","link":"https:\/\/profinans.nl\/index.php\/financiele-administratie\/","title":{"rendered":"Financi\u00eble administratie"},"content":{"rendered":"\t\t<div data-elementor-type=\"wp-page\" data-elementor-id=\"415\" class=\"elementor elementor-415\">\n\t\t\t\t<div class=\"elementor-element elementor-element-9486200 e-flex e-con-boxed e-con e-parent\" data-id=\"9486200\" data-element_type=\"container\" data-e-type=\"container\">\n\t\t\t\t\t<div class=\"e-con-inner\">\n\t\t\t\t<div class=\"elementor-element elementor-element-65164ac elementor-widget elementor-widget-spacer\" data-id=\"65164ac\" data-element_type=\"widget\" data-e-type=\"widget\" data-widget_type=\"spacer.default\">\n\t\t\t\t<div class=\"elementor-widget-container\">\n\t\t\t\t\t\t\t<div class=\"elementor-spacer\">\n\t\t\t<div class=\"elementor-spacer-inner\"><\/div>\n\t\t<\/div>\n\t\t\t\t\t\t<\/div>\n\t\t\t\t<\/div>\n\t\t\t\t<div class=\"elementor-element elementor-element-9066aa6 htmove-heading-center elementor-widget elementor-widget-move-heading\" data-id=\"9066aa6\" data-element_type=\"widget\" data-e-type=\"widget\" data-widget_type=\"move-heading.default\">\n\t\t\t\t<div class=\"elementor-widget-container\">\n\t\t\t\t\t<div class=\"htmove-heading htmove-heading-center htmove-sub-heading-pos-top\"><span  class=\"htmove-heading-sub-title\">Onze diensten<\/span><h2  class=\"htmove-heading-title\">Financi\u00eble Administratie<\/h2><\/div>\t\t\t\t<\/div>\n\t\t\t\t<\/div>\n\t\t\t\t<div class=\"elementor-element elementor-element-72f6c29 elementor-widget elementor-widget-text-editor\" data-id=\"72f6c29\" data-element_type=\"widget\" data-e-type=\"widget\" data-widget_type=\"text-editor.default\">\n\t\t\t\t<div class=\"elementor-widget-container\">\n\t\t\t\t\t\t\t\t\t<p style=\"text-align: center;\">Periodiek en systematisch verwerken, vastleggen en controleren van financi\u00eble transacties van uw onderneming. Dit omvat het registreren van inkomsten, uitgaven, facturen, betalingen en het opstellen van jaarrekeningen. Een goede financi\u00eble administratie biedt inzicht in de financi\u00eble gezondheid van een organisatie, zorgt voor belastingconformiteit en helpt bij het nemen van strategische beslissingen. Met een betrouwbare administratie kun je tijdig voldoen aan belastingverplichtingen en heb je altijd overzicht van je financi\u00ebn. Het vormt de basis voor een succesvolle en groeiende onderneming. Om onze diensten effici\u00ebnt en praktisch uit te kunnen oefenen, maken wij gebruik van de applicaties Exact\/BoekhoudGemak en Basecone.<\/p>\t\t\t\t\t\t\t\t<\/div>\n\t\t\t\t<\/div>\n\t\t\t\t\t<\/div>\n\t\t\t\t<\/div>\n\t\t<div class=\"elementor-element elementor-element-5417c89 e-grid e-con-boxed e-con e-parent\" data-id=\"5417c89\" data-element_type=\"container\" data-e-type=\"container\">\n\t\t\t\t\t<div class=\"e-con-inner\">\n\t\t\t\t<div class=\"elementor-element elementor-element-93f19f2 elementor-widget elementor-widget-image\" data-id=\"93f19f2\" data-element_type=\"widget\" data-e-type=\"widget\" data-widget_type=\"image.default\">\n\t\t\t\t<div class=\"elementor-widget-container\">\n\t\t\t\t\t\t\t\t\t\t\t\t\t\t\t<img fetchpriority=\"high\" decoding=\"async\" width=\"500\" height=\"185\" src=\"https:\/\/profinans.nl\/wp-content\/uploads\/2024\/11\/Logo-Exact-Online-e1578486135684.webp\" class=\"attachment-large size-large wp-image-541\" alt=\"\" srcset=\"https:\/\/profinans.nl\/wp-content\/uploads\/2024\/11\/Logo-Exact-Online-e1578486135684.webp 500w, https:\/\/profinans.nl\/wp-content\/uploads\/2024\/11\/Logo-Exact-Online-e1578486135684-300x111.webp 300w\" sizes=\"(max-width: 500px) 100vw, 500px\" \/>\t\t\t\t\t\t\t\t\t\t\t\t\t\t\t<\/div>\n\t\t\t\t<\/div>\n\t\t\t\t<div class=\"elementor-element elementor-element-f22e67a elementor-widget elementor-widget-image\" data-id=\"f22e67a\" data-element_type=\"widget\" data-e-type=\"widget\" data-widget_type=\"image.default\">\n\t\t\t\t<div class=\"elementor-widget-container\">\n\t\t\t\t\t\t\t\t\t\t\t\t\t\t\t<img decoding=\"async\" width=\"250\" height=\"180\" src=\"https:\/\/profinans.nl\/wp-content\/uploads\/2024\/11\/softwaregemak_logo.png\" class=\"attachment-large size-large wp-image-542\" alt=\"\" \/>\t\t\t\t\t\t\t\t\t\t\t\t\t\t\t<\/div>\n\t\t\t\t<\/div>\n\t\t\t\t<div class=\"elementor-element elementor-element-98af945 elementor-widget elementor-widget-image\" data-id=\"98af945\" data-element_type=\"widget\" data-e-type=\"widget\" data-widget_type=\"image.default\">\n\t\t\t\t<div class=\"elementor-widget-container\">\n\t\t\t\t\t\t\t\t\t\t\t\t\t\t\t<img decoding=\"async\" width=\"400\" height=\"105\" src=\"https:\/\/profinans.nl\/wp-content\/uploads\/2024\/11\/Basecone-logo.png\" class=\"attachment-large size-large wp-image-543\" alt=\"\" srcset=\"https:\/\/profinans.nl\/wp-content\/uploads\/2024\/11\/Basecone-logo.png 400w, https:\/\/profinans.nl\/wp-content\/uploads\/2024\/11\/Basecone-logo-300x79.png 300w, https:\/\/profinans.nl\/wp-content\/uploads\/2024\/11\/Basecone-logo-396x105.png 396w\" sizes=\"(max-width: 400px) 100vw, 400px\" \/>\t\t\t\t\t\t\t\t\t\t\t\t\t\t\t<\/div>\n\t\t\t\t<\/div>\n\t\t\t\t\t<\/div>\n\t\t\t\t<\/div>\n\t\t<div class=\"elementor-element elementor-element-ffb9d8e e-flex e-con-boxed e-con e-parent\" data-id=\"ffb9d8e\" data-element_type=\"container\" data-e-type=\"container\">\n\t\t\t\t\t<div class=\"e-con-inner\">\n\t\t\t\t<div class=\"elementor-element elementor-element-67dfee9 elementor-widget elementor-widget-spacer\" data-id=\"67dfee9\" data-element_type=\"widget\" data-e-type=\"widget\" data-widget_type=\"spacer.default\">\n\t\t\t\t<div class=\"elementor-widget-container\">\n\t\t\t\t\t\t\t<div class=\"elementor-spacer\">\n\t\t\t<div class=\"elementor-spacer-inner\"><\/div>\n\t\t<\/div>\n\t\t\t\t\t\t<\/div>\n\t\t\t\t<\/div>\n\t\t\t\t<div class=\"elementor-element elementor-element-2229faa htmove-heading-center elementor-widget elementor-widget-move-heading\" data-id=\"2229faa\" data-element_type=\"widget\" data-e-type=\"widget\" data-widget_type=\"move-heading.default\">\n\t\t\t\t<div class=\"elementor-widget-container\">\n\t\t\t\t\t<div class=\"htmove-heading htmove-heading-center htmove-sub-heading-pos-top\"><span  class=\"htmove-heading-sub-title\">Meer informatie?<\/span><h2  class=\"htmove-heading-title\">Kom gerust langs voor een vrijbijvende gesprek!<\/h2><\/div>\t\t\t\t<\/div>\n\t\t\t\t<\/div>\n\t\t\t\t<div class=\"elementor-element elementor-element-967a5a2 elementor-widget elementor-widget-spacer\" data-id=\"967a5a2\" data-element_type=\"widget\" data-e-type=\"widget\" data-widget_type=\"spacer.default\">\n\t\t\t\t<div class=\"elementor-widget-container\">\n\t\t\t\t\t\t\t<div class=\"elementor-spacer\">\n\t\t\t<div class=\"elementor-spacer-inner\"><\/div>\n\t\t<\/div>\n\t\t\t\t\t\t<\/div>\n\t\t\t\t<\/div>\n\t\t\t\t\t<\/div>\n\t\t\t\t<\/div>\n\t\t\t\t<\/div>\n\t\t","protected":false},"excerpt":{"rendered":"<p>Onze diensten Financi\u00eble Administratie Periodiek en systematisch verwerken, vastleggen en controleren van financi\u00eble transacties van uw onderneming. Dit omvat het registreren van inkomsten, uitgaven, facturen, betalingen en het opstellen van jaarrekeningen. Een goede financi\u00eble administratie biedt inzicht in de financi\u00eble gezondheid van een organisatie, zorgt voor belastingconformiteit en helpt bij het nemen van strategische beslissingen. [&hellip;]<\/p>\n","protected":false},"author":3,"featured_media":0,"parent":0,"menu_order":0,"comment_status":"closed","ping_status":"closed","template":"elementor_header_footer","meta":{"footnotes":""},"class_list":["post-415","page","type-page","status-publish","hentry"],"yoast_head":"<!-- This site is optimized with the Yoast SEO plugin v27.4 - https:\/\/yoast.com\/product\/yoast-seo-wordpress\/ -->\n<title>Financi\u00eble administratie - Profinans<\/title>\n<meta name=\"robots\" content=\"index, follow, max-snippet:-1, max-image-preview:large, max-video-preview:-1\" \/>\n<link rel=\"canonical\" href=\"https:\/\/profinans.nl\/index.php\/financiele-administratie\/\" \/>\n<meta property=\"og:locale\" content=\"nl_NL\" \/>\n<meta property=\"og:type\" content=\"article\" \/>\n<meta property=\"og:title\" content=\"Financi\u00eble administratie - Profinans\" \/>\n<meta property=\"og:description\" content=\"Onze diensten Financi\u00eble Administratie Periodiek en systematisch verwerken, vastleggen en controleren van financi\u00eble transacties van uw onderneming. Dit omvat het registreren van inkomsten, uitgaven, facturen, betalingen en het opstellen van jaarrekeningen. Een goede financi\u00eble administratie biedt inzicht in de financi\u00eble gezondheid van een organisatie, zorgt voor belastingconformiteit en helpt bij het nemen van strategische beslissingen. [&hellip;]\" \/>\n<meta property=\"og:url\" content=\"https:\/\/profinans.nl\/index.php\/financiele-administratie\/\" \/>\n<meta property=\"og:site_name\" content=\"Profinans\" \/>\n<meta property=\"article:modified_time\" content=\"2024-11-14T16:15:46+00:00\" \/>\n<meta property=\"og:image\" content=\"https:\/\/profinans.nl\/wp-content\/uploads\/2024\/11\/Logo-Exact-Online-e1578486135684.webp\" \/>\n<meta name=\"twitter:card\" content=\"summary_large_image\" \/>\n<meta name=\"twitter:label1\" content=\"Geschatte leestijd\" \/>\n\t<meta name=\"twitter:data1\" content=\"2 minuten\" \/>\n<script type=\"application\/ld+json\" class=\"yoast-schema-graph\">{\"@context\":\"https:\\\/\\\/schema.org\",\"@graph\":[{\"@type\":\"WebPage\",\"@id\":\"https:\\\/\\\/profinans.nl\\\/index.php\\\/financiele-administratie\\\/\",\"url\":\"https:\\\/\\\/profinans.nl\\\/index.php\\\/financiele-administratie\\\/\",\"name\":\"Financi\u00eble administratie - Profinans\",\"isPartOf\":{\"@id\":\"https:\\\/\\\/profinans.nl\\\/#website\"},\"primaryImageOfPage\":{\"@id\":\"https:\\\/\\\/profinans.nl\\\/index.php\\\/financiele-administratie\\\/#primaryimage\"},\"image\":{\"@id\":\"https:\\\/\\\/profinans.nl\\\/index.php\\\/financiele-administratie\\\/#primaryimage\"},\"thumbnailUrl\":\"https:\\\/\\\/profinans.nl\\\/wp-content\\\/uploads\\\/2024\\\/11\\\/Logo-Exact-Online-e1578486135684.webp\",\"datePublished\":\"2024-09-16T14:39:46+00:00\",\"dateModified\":\"2024-11-14T16:15:46+00:00\",\"breadcrumb\":{\"@id\":\"https:\\\/\\\/profinans.nl\\\/index.php\\\/financiele-administratie\\\/#breadcrumb\"},\"inLanguage\":\"nl-NL\",\"potentialAction\":[{\"@type\":\"ReadAction\",\"target\":[\"https:\\\/\\\/profinans.nl\\\/index.php\\\/financiele-administratie\\\/\"]}]},{\"@type\":\"ImageObject\",\"inLanguage\":\"nl-NL\",\"@id\":\"https:\\\/\\\/profinans.nl\\\/index.php\\\/financiele-administratie\\\/#primaryimage\",\"url\":\"https:\\\/\\\/profinans.nl\\\/wp-content\\\/uploads\\\/2024\\\/11\\\/Logo-Exact-Online-e1578486135684.webp\",\"contentUrl\":\"https:\\\/\\\/profinans.nl\\\/wp-content\\\/uploads\\\/2024\\\/11\\\/Logo-Exact-Online-e1578486135684.webp\",\"width\":500,\"height\":185},{\"@type\":\"BreadcrumbList\",\"@id\":\"https:\\\/\\\/profinans.nl\\\/index.php\\\/financiele-administratie\\\/#breadcrumb\",\"itemListElement\":[{\"@type\":\"ListItem\",\"position\":1,\"name\":\"Home\",\"item\":\"https:\\\/\\\/profinans.nl\\\/\"},{\"@type\":\"ListItem\",\"position\":2,\"name\":\"Financi\u00eble administratie\"}]},{\"@type\":\"WebSite\",\"@id\":\"https:\\\/\\\/profinans.nl\\\/#website\",\"url\":\"https:\\\/\\\/profinans.nl\\\/\",\"name\":\"Profinans\",\"description\":\"Administratiekantoor voor iedereen\",\"publisher\":{\"@id\":\"https:\\\/\\\/profinans.nl\\\/#organization\"},\"potentialAction\":[{\"@type\":\"SearchAction\",\"target\":{\"@type\":\"EntryPoint\",\"urlTemplate\":\"https:\\\/\\\/profinans.nl\\\/?s={search_term_string}\"},\"query-input\":{\"@type\":\"PropertyValueSpecification\",\"valueRequired\":true,\"valueName\":\"search_term_string\"}}],\"inLanguage\":\"nl-NL\"},{\"@type\":\"Organization\",\"@id\":\"https:\\\/\\\/profinans.nl\\\/#organization\",\"name\":\"Profinans\",\"url\":\"https:\\\/\\\/profinans.nl\\\/\",\"logo\":{\"@type\":\"ImageObject\",\"inLanguage\":\"nl-NL\",\"@id\":\"https:\\\/\\\/profinans.nl\\\/#\\\/schema\\\/logo\\\/image\\\/\",\"url\":\"https:\\\/\\\/profinans.nl\\\/wp-content\\\/uploads\\\/2024\\\/09\\\/cropped-cropped-logo-Profinans-2014.webp\",\"contentUrl\":\"https:\\\/\\\/profinans.nl\\\/wp-content\\\/uploads\\\/2024\\\/09\\\/cropped-cropped-logo-Profinans-2014.webp\",\"width\":336,\"height\":116,\"caption\":\"Profinans\"},\"image\":{\"@id\":\"https:\\\/\\\/profinans.nl\\\/#\\\/schema\\\/logo\\\/image\\\/\"},\"sameAs\":[\"https:\\\/\\\/www.instagram.com\\\/profinansadministratie\\\/\"]}]}<\/script>\n<!-- \/ Yoast SEO plugin. -->","yoast_head_json":{"title":"Financi\u00eble administratie - Profinans","robots":{"index":"index","follow":"follow","max-snippet":"max-snippet:-1","max-image-preview":"max-image-preview:large","max-video-preview":"max-video-preview:-1"},"canonical":"https:\/\/profinans.nl\/index.php\/financiele-administratie\/","og_locale":"nl_NL","og_type":"article","og_title":"Financi\u00eble administratie - Profinans","og_description":"Onze diensten Financi\u00eble Administratie Periodiek en systematisch verwerken, vastleggen en controleren van financi\u00eble transacties van uw onderneming. Dit omvat het registreren van inkomsten, uitgaven, facturen, betalingen en het opstellen van jaarrekeningen. Een goede financi\u00eble administratie biedt inzicht in de financi\u00eble gezondheid van een organisatie, zorgt voor belastingconformiteit en helpt bij het nemen van strategische beslissingen. [&hellip;]","og_url":"https:\/\/profinans.nl\/index.php\/financiele-administratie\/","og_site_name":"Profinans","article_modified_time":"2024-11-14T16:15:46+00:00","og_image":[{"url":"https:\/\/profinans.nl\/wp-content\/uploads\/2024\/11\/Logo-Exact-Online-e1578486135684.webp","type":"","width":"","height":""}],"twitter_card":"summary_large_image","twitter_misc":{"Geschatte leestijd":"2 minuten"},"schema":{"@context":"https:\/\/schema.org","@graph":[{"@type":"WebPage","@id":"https:\/\/profinans.nl\/index.php\/financiele-administratie\/","url":"https:\/\/profinans.nl\/index.php\/financiele-administratie\/","name":"Financi\u00eble administratie - Profinans","isPartOf":{"@id":"https:\/\/profinans.nl\/#website"},"primaryImageOfPage":{"@id":"https:\/\/profinans.nl\/index.php\/financiele-administratie\/#primaryimage"},"image":{"@id":"https:\/\/profinans.nl\/index.php\/financiele-administratie\/#primaryimage"},"thumbnailUrl":"https:\/\/profinans.nl\/wp-content\/uploads\/2024\/11\/Logo-Exact-Online-e1578486135684.webp","datePublished":"2024-09-16T14:39:46+00:00","dateModified":"2024-11-14T16:15:46+00:00","breadcrumb":{"@id":"https:\/\/profinans.nl\/index.php\/financiele-administratie\/#breadcrumb"},"inLanguage":"nl-NL","potentialAction":[{"@type":"ReadAction","target":["https:\/\/profinans.nl\/index.php\/financiele-administratie\/"]}]},{"@type":"ImageObject","inLanguage":"nl-NL","@id":"https:\/\/profinans.nl\/index.php\/financiele-administratie\/#primaryimage","url":"https:\/\/profinans.nl\/wp-content\/uploads\/2024\/11\/Logo-Exact-Online-e1578486135684.webp","contentUrl":"https:\/\/profinans.nl\/wp-content\/uploads\/2024\/11\/Logo-Exact-Online-e1578486135684.webp","width":500,"height":185},{"@type":"BreadcrumbList","@id":"https:\/\/profinans.nl\/index.php\/financiele-administratie\/#breadcrumb","itemListElement":[{"@type":"ListItem","position":1,"name":"Home","item":"https:\/\/profinans.nl\/"},{"@type":"ListItem","position":2,"name":"Financi\u00eble administratie"}]},{"@type":"WebSite","@id":"https:\/\/profinans.nl\/#website","url":"https:\/\/profinans.nl\/","name":"Profinans","description":"Administratiekantoor voor iedereen","publisher":{"@id":"https:\/\/profinans.nl\/#organization"},"potentialAction":[{"@type":"SearchAction","target":{"@type":"EntryPoint","urlTemplate":"https:\/\/profinans.nl\/?s={search_term_string}"},"query-input":{"@type":"PropertyValueSpecification","valueRequired":true,"valueName":"search_term_string"}}],"inLanguage":"nl-NL"},{"@type":"Organization","@id":"https:\/\/profinans.nl\/#organization","name":"Profinans","url":"https:\/\/profinans.nl\/","logo":{"@type":"ImageObject","inLanguage":"nl-NL","@id":"https:\/\/profinans.nl\/#\/schema\/logo\/image\/","url":"https:\/\/profinans.nl\/wp-content\/uploads\/2024\/09\/cropped-cropped-logo-Profinans-2014.webp","contentUrl":"https:\/\/profinans.nl\/wp-content\/uploads\/2024\/09\/cropped-cropped-logo-Profinans-2014.webp","width":336,"height":116,"caption":"Profinans"},"image":{"@id":"https:\/\/profinans.nl\/#\/schema\/logo\/image\/"},"sameAs":["https:\/\/www.instagram.com\/profinansadministratie\/"]}]}},"_links":{"self":[{"href":"https:\/\/profinans.nl\/index.php\/wp-json\/wp\/v2\/pages\/415","targetHints":{"allow":["GET"]}}],"collection":[{"href":"https:\/\/profinans.nl\/index.php\/wp-json\/wp\/v2\/pages"}],"about":[{"href":"https:\/\/profinans.nl\/index.php\/wp-json\/wp\/v2\/types\/page"}],"author":[{"embeddable":true,"href":"https:\/\/profinans.nl\/index.php\/wp-json\/wp\/v2\/users\/3"}],"replies":[{"embeddable":true,"href":"https:\/\/profinans.nl\/index.php\/wp-json\/wp\/v2\/comments?post=415"}],"version-history":[{"count":20,"href":"https:\/\/profinans.nl\/index.php\/wp-json\/wp\/v2\/pages\/415\/revisions"}],"predecessor-version":[{"id":790,"href":"https:\/\/profinans.nl\/index.php\/wp-json\/wp\/v2\/pages\/415\/revisions\/790"}],"wp:attachment":[{"href":"https:\/\/profinans.nl\/index.php\/wp-json\/wp\/v2\/media?parent=415"}],"curies":[{"name":"wp","href":"https:\/\/api.w.org\/{rel}","templated":true}]}}